{"id":1933,"date":"2012-08-21T04:14:37","date_gmt":"2012-08-21T04:14:37","guid":{"rendered":"https:\/\/www.problemasdeamor.com\/la-pelicula\/"},"modified":"2026-03-16T00:31:44","modified_gmt":"2026-03-16T00:31:44","slug":"la-pelicula","status":"publish","type":"page","link":"https:\/\/problemasdeamor.com\/?page_id=1933","title":{"rendered":"La Pel\u00edcula"},"content":{"rendered":"\n<h2 class=\"wp-block-heading\">Querido John (2010)<\/h2>\n\n\n\n<figure class=\"wp-block-image\"><a href=\"\/%22https:\/\/www.problemasdeamor.com\/wp-content\/uploads\/2016\/09\/Amanda-Seyfried-y-Thomas-Sadoski-queridojohn.com_.jpgwp-content\/uploads\/2012\/08\/Dear_John_film_poster-queridojohn.com_.jpg\/%22\"><img decoding=\"async\" src=\"\/%22https:\/\/www.problemasdeamor.com\/wp-content\/uploads\/2016\/09\/Amanda-Seyfried-y-Thomas-Sadoski-queridojohn.com_.jpgwp-content\/uploads\/2012\/08\/Dear_John_film_poster-queridojohn.com_.jpg\/%22\" alt=\"\\&quot;Dear_John_film_poster-queridojohn.com\\&quot;\" title=\"\\&quot;Dear_John_film_poster-queridojohn.com\\&quot;\"\/><\/a><\/figure>\n\n\n\n<p><\/p>\n\n\n\n<p><strong>T\u00edtulo:<\/strong> Querido John<\/p>\n\n\n\n<p><strong>T\u00edtulo original:<\/strong> Dear John<\/p>\n\n\n\n<p><strong>Pa\u00eds<\/strong>: USA<\/p>\n\n\n\n<p><strong>Estreno en USA<\/strong>: 05\/02\/2010<\/p>\n\n\n\n<p><strong>Estreno en Espa\u00f1a:<\/strong> 26\/03\/2010<\/p>\n\n\n\n<p><strong>Lanzamiento en DVD (alquiler):<\/strong> 27\/07\/2010<\/p>\n\n\n\n<p><strong>Estreno en Blu-ray:<\/strong> 17\/08\/2010<\/p>\n\n\n\n<p><strong>Productora:<\/strong> <a href=\"\/%22https:\/\/www.problemasdeamor.com\/wp-content\/uploads\/2016\/09\/Amanda-Seyfried-y-Thomas-Sadoski-queridojohn.com_.jpgla-pelicula\/productora-screen-gems-sony\/\/%22\" target=\"\\&quot;_blank\\&quot;\">Screen Gems (Sony)<\/a><\/p>\n\n\n\n<p><strong>Director:<\/strong> Lasse Hallstrom<\/p>\n\n\n\n<p><strong>Gui\u00f3n:<\/strong> Jamie Linden<\/p>\n\n\n\n<p><strong>Reparto:<\/strong> Amanda Seyfried, Channing Tatum, Henry Thomas, Richard Jenkins, Scott Porter, Luke Benward, David Andrews, Keith Robinson, Maxx Hennard, D.J. Cotrona, Cullen Moss, Leslea Fisher<\/p>\n\n\n\n<p><strong>Clasificaci\u00f3n:<\/strong> Mayores de 12 a\u00f1os<\/p>\n\n\n\n<p>&#8212;-<\/p>\n\n\n\n<p><strong><span style=\"\\&quot;text-decoration:\" underline;\\\"=\"\">Sinopsis:<\/span><\/strong><\/p>\n\n\n\n<p>John Tyree (Channing Tatum) es un soldado de las Fuerzas Especiales, atractivo y atento, que durante su per\u00edodo de permiso va a visitar a su padre a Carolina del Sur.<\/p>\n\n\n\n<p>Savannah Curtis (Amanda Seyfried) es una bella e idealista estudiante universitaria de una acomodada familia sure\u00f1a que est\u00e1 en casa por las vacaciones de primavera. John y Savannah pertenecen a mundos diferentes, pero cuando se conocen por casualidad en la playa, se sienten inmediatamente atra\u00eddos el uno por el otro.<\/p>\n\n\n\n<p>El encuentro se transforma en un idilio arrollador de dos semanas y r\u00e1pidamente sus sentimientos se profundizan hasta que se convierte en un amor apasionado. Cuando John es forzado a volver a sus fuerzas de despliegue y Savannah tiene que regresar a la universidad, la pareja promete escribirse.<\/p>\n\n\n\n<p>A trav\u00e9s de una continua correspondencia, su amor florece y la profunda historia de amor rom\u00e1ntico se prolonga.<\/p>\n\n\n\n<p>A medida que pasa el tiempo, John y Savannah solo pueden verse espor\u00e1dicamente. El per\u00edodo de John en su destacamento en el extranjero se extiende y la vida de Savannah sigue su curso.<\/p>\n\n\n\n<p>Al tiempo que la situaci\u00f3n en el mundo se vuelve cada vez m\u00e1s compleja, Savannah se halla constantemente preocupada por la seguridad de John, y John se debate entre la dedicaci\u00f3n a su trabajo y su deseo de volver a casa y tener una vida con Savannah.<\/p>\n\n\n\n<p>A pesar de la creciente tensi\u00f3n entre sus deseos y responsabilidades la pareja lucha por mantener su compromiso. Pero cuando una inesperada tragedia se produce y John vuelve, su regreso provoca una confrontaci\u00f3n emocional donde la pareja se ve forzada a descubrir si su amor es capaz de sobrevivir.<\/p>\n\n\n\n<p>&nbsp;<\/p>\n\n\n\n<p>&#8212;-<\/p>\n\n\n\n<p><strong>Notas de producci\u00f3n:<\/strong><\/p>\n\n\n\n<p>Drama rom\u00e1ntico basado en la novela \u00e9xito de ventas de Nicholas Sparks y dirigido por el tres veces nominado al Oscar, Lasse Hallstr\u00f6m (Mejor director por Las normas de la casa de la sidra [The Cider House Rules] en 1999, y Mejor director y gui\u00f3n adaptado en 1985 por Mi vida como un perro [Mit Liv Som Hund]) las complejidades del amor se exploran a trav\u00e9s de la fortaleza de la relaci\u00f3n de una joven pareja cuya mutua devoci\u00f3n es puesta a prueba por fuerzas m\u00e1s all\u00e1 de su control.<\/p>\n\n\n\n<p><strong>Im\u00e1genes:<\/strong><\/p>\n\n\n\n<figure class=\"wp-block-image size-full\"><img loading=\"lazy\" decoding=\"async\" width=\"650\" height=\"650\" src=\"https:\/\/problemasdeamor.com\/wp-content\/uploads\/2026\/03\/Amanda-Seyfried-y-Thomas-Sadoski-queridojohn.com_.jpg\" alt=\"\" class=\"wp-image-1966\" srcset=\"https:\/\/problemasdeamor.com\/wp-content\/uploads\/2026\/03\/Amanda-Seyfried-y-Thomas-Sadoski-queridojohn.com_.jpg 650w, https:\/\/problemasdeamor.com\/wp-content\/uploads\/2026\/03\/Amanda-Seyfried-y-Thomas-Sadoski-queridojohn.com_-300x300.jpg 300w, https:\/\/problemasdeamor.com\/wp-content\/uploads\/2026\/03\/Amanda-Seyfried-y-Thomas-Sadoski-queridojohn.com_-100x100.jpg 100w, https:\/\/problemasdeamor.com\/wp-content\/uploads\/2026\/03\/Amanda-Seyfried-y-Thomas-Sadoski-queridojohn.com_-600x600.jpg 600w, https:\/\/problemasdeamor.com\/wp-content\/uploads\/2026\/03\/Amanda-Seyfried-y-Thomas-Sadoski-queridojohn.com_-150x150.jpg 150w\" sizes=\"auto, (max-width: 650px) 100vw, 650px\" \/><\/figure>\n\n\n\n<p><span>Tr\u00e1iler en espa\u00f1ol:<\/span><\/p>\n\n\n\n<p>&nbsp;<\/p>\n\n\n\n<p>&nbsp;<\/p>\n\n\n\n<p>&nbsp;<\/p>\n\n\n\n<p>&nbsp;<\/p>\n\n\n\n<p>.<\/p>\n\n\n\n<p><strong><span style=\"\\&quot;text-decoration:\" underline;\\\"=\"\">FUENTE:<\/span><\/strong><\/p>\n\n\n\n<p><a href=\"\/%22http:\/\/www.elseptimoarte.net\/peliculas\/dear-john-2177.html\/%22\" target=\"\\&quot;_blank\\&quot;\">http:\/\/www.elseptimoarte.net\/peliculas\/dear-john-2177.html<\/a><\/p>\n","protected":false},"excerpt":{"rendered":"<p>Querido John (2010) T\u00edtulo: Querido John T\u00edtulo original: Dear John Pa\u00eds: USA Estreno en USA: 05\/02\/2010 Estreno en Espa\u00f1a: 26\/03\/2010 Lanzamiento en DVD (alquiler): 27\/07\/2010 Estreno en Blu-ray: 17\/08\/2010 Productora: Screen Gems (Sony) Director: Lasse Hallstrom Gui\u00f3n: Jamie Linden Reparto: Amanda Seyfried, Channing Tatum, Henry Thomas, Richard Jenkins, Scott Porter, Luke Benward, David Andrews, Keith [&hellip;]<\/p>\n","protected":false},"author":1,"featured_media":1966,"parent":0,"menu_order":0,"comment_status":"open","ping_status":"open","template":"","meta":{"footnotes":""},"class_list":["post-1933","page","type-page","status-publish","has-post-thumbnail","hentry"],"_links":{"self":[{"href":"https:\/\/problemasdeamor.com\/index.php?rest_route=\/wp\/v2\/pages\/1933","targetHints":{"allow":["GET"]}}],"collection":[{"href":"https:\/\/problemasdeamor.com\/index.php?rest_route=\/wp\/v2\/pages"}],"about":[{"href":"https:\/\/problemasdeamor.com\/index.php?rest_route=\/wp\/v2\/types\/page"}],"author":[{"embeddable":true,"href":"https:\/\/problemasdeamor.com\/index.php?rest_route=\/wp\/v2\/users\/1"}],"replies":[{"embeddable":true,"href":"https:\/\/problemasdeamor.com\/index.php?rest_route=%2Fwp%2Fv2%2Fcomments&post=1933"}],"version-history":[{"count":1,"href":"https:\/\/problemasdeamor.com\/index.php?rest_route=\/wp\/v2\/pages\/1933\/revisions"}],"predecessor-version":[{"id":1967,"href":"https:\/\/problemasdeamor.com\/index.php?rest_route=\/wp\/v2\/pages\/1933\/revisions\/1967"}],"wp:featuredmedia":[{"embeddable":true,"href":"https:\/\/problemasdeamor.com\/index.php?rest_route=\/wp\/v2\/media\/1966"}],"wp:attachment":[{"href":"https:\/\/problemasdeamor.com\/index.php?rest_route=%2Fwp%2Fv2%2Fmedia&parent=1933"}],"curies":[{"name":"wp","href":"https:\/\/api.w.org\/{rel}","templated":true}]}}