{"id":1939,"date":"2012-08-21T04:15:14","date_gmt":"2012-08-21T04:15:14","guid":{"rendered":"https:\/\/www.problemasdeamor.com\/la-pelicula\/productora-screen-gems-sony\/"},"modified":"2012-08-21T04:15:14","modified_gmt":"2012-08-21T04:15:14","slug":"productora-screen-gems-sony","status":"publish","type":"page","link":"https:\/\/problemasdeamor.com\/?page_id=1939","title":{"rendered":"Productora: Screen Gems (Sony)"},"content":{"rendered":"<p><strong>Screen Gems<\/strong> es una productora de cine estadounidense y la compa\u00f1\u00eda subsidiaria de Sony Pictures Entertainment \\&#8217;s de Columbia TriStar Motion Picture Group que ha servido a varios prop\u00f3sitos diferentes para sus empresas matrices en los decenios transcurridos desde su constituci\u00f3n.<\/p>\n<p><strong>Fundado:<\/strong><\/p>\n<p>1940 (como estudio de animaci\u00f3n)<\/p>\n<p>1948 (como filial de televisi\u00f3n)<\/p>\n<p>1999 (como estudio de cine)<\/p>\n<p><strong>WEB:<\/strong> <a href=\"\/%22http:\/\/translate.googleusercontent.com\/translate_c?prev=\/search%3Fq%3DScreen%2BGems%2B%28Sony%29%26hl%3Des-419%26client%3Dubuntu%26hs%3DvCu%26channel%3Dfs%26prmd%3Dimvns&#038;rurl=translate.google.com&#038;sl=en&#038;u=http:\/\/www.sonypictures.com\/&#038;usg=ALkJrhj-OkIx32s7zDw7sqw4Wy75tehMjQ%22\" rel=\\\"nofollow\\\">sonypictures.com<\/a><\/p>\n<p>El 16 de septiembre de 2002, Columbia Tristar Television se convirti\u00f3 en Sony Pictures Television, mientras que tres a\u00f1os antes, en 1999, Screen Gems fue resucitado como una pel\u00edcula de la especialidad cuarta producci\u00f3n del brazo de Columbia Sony Picture Group TriStar Motion, despu\u00e9s de Sony Pictures Classics , Triumph Films y Films destino .<\/p>\n<p>Screen Gems, produce y libera \\\u00bblas pel\u00edculas que se encuentran entre las pel\u00edculas de gran liberaci\u00f3n desarrollados en forma tradicional y distribuida por Columbia Pictures y los publicados por Sony Pictures Classics.\\\u00bb<\/p>\n<p>Muchos de sus lanzamientos son de <em>horror, suspenso, acci\u00f3n, comedia y urbana g\u00e9neros<\/em>, por lo que la unidad similar a la Dimension Films (parte de The Weinstein Company ), los Hollywood Pictures (parte de The Walt Disney Company ), y Rogue Pictures (actualmente propiedad de Relativity Media , sino que se distribuye por el ex propietarios de Universal Studios ).<\/p>\n<p><img decoding=\"async\" title=\\\"More...\\\" src=\"\/%22https:\/\/www.problemasdeamor.com\/wp-content\/uploads\/2016\/09\/Amanda-Seyfried-y-Thomas-Sadoski-queridojohn.com_.jpgwp-includes\/js\/tinymce\/plugins\/wordpress\/img\/trans.gif\/%22\" alt=\\\"\\\" \/><\/p>\n<p>La pantalla de m\u00e1s \u00e9xito de la pel\u00edcula Gems comercialmente a partir de noviembre de 2010 fue <a href=\"\/%22http:\/\/en.wikipedia.org\/wiki\/Resident_Evil:_Afterlife\/%22\" target=\\\"_blank\\\"><em>Resident Evil: Afterlife<\/em><\/a>, que recaud\u00f3 $ 296.221.566 en la taquilla internacional.<\/p>\n<p><strong>Algunas de las Pel\u00edculas de esta productora:<\/strong><\/p>\n<ul>\n<li>Limbo<\/li>\n<li>Arlington Road<\/li>\n<li>Black and White &#8211; (Blanco y Negro)<\/li>\n<li>Timecode &#8211; (C\u00f3digo de tiempo)<\/li>\n<li>Girlfight &#8211; (Girlfight)<\/li>\n<li>The Broken Hearts Club: A Romantic Comedy &#8211; (El club de los corazones rotos: Una comedia rom\u00e1ntica)<\/li>\n<li>Snatch &#8211; (Arrebatar)<\/li>\n<li>The Brothers &#8211; (Los Hermanos)<\/li>\n<li>The Forsaken &#8211; (Los Renegados)<\/li>\n<li>Ghosts of Mars &#8211; (Fantasmas de Marte)<\/li>\n<li>Two Can Play That Game &#8211; (Dos para jugar)<\/li>\n<li>The Mothman Prophecies<\/li>\n<li>Slackers<\/li>\n<li>Resident Evil<\/li>\n<li>Swept Away &#8211; (Barridos por la marea)<\/li>\n<li>The 51st State &#8211; (El estado 51)<\/li>\n<li>Half Past Dead &#8211; (Filo de la muerte)<\/li>\n<li>The Medallion &#8211; (El poder del talism\u00e1n)<\/li>\n<li>Underworld &#8211; (Inframundo)<\/li>\n<li>In the Cut &#8211; (En carne viva)<\/li>\n<li>You Got Served<\/li>\n<li>Breakin\\&#8217; All the Rules<\/li>\n<li>Anacondas: The Hunt for the Blood Orchid &#8211; (Anacondas: La cacer\u00eda por la orqu\u00eddea sangrienta)<\/li>\n<li>Resident Evil: Apocalypse<\/li>\n<li>Boogeyman<\/li>\n<li>The Cave &#8211; (La Cueva)<\/li>\n<li>The Exorcism of Emily Rose &#8211; (El exorcismo de Emily Rose)<\/li>\n<li>The Gospel &#8211; (El Evangelio)<\/li>\n<li>Underworld: Evolution<\/li>\n<li>When a Stranger Calls -(Cuando llama un extra\u00f1o)<\/li>\n<li>Ultraviolet &#8211; (Ultravioleta)<\/li>\n<li>The Covenant &#8211; (El Pacto)<\/li>\n<li>Stomp the Yard<\/li>\n<li>The Messengers &#8211; (Los Mensajeros)<\/li>\n<li>Vacancy &#8211; (Vacante)<\/li>\n<li>Hostel Part<\/li>\n<li>Resident Evil: Extinction<\/li>\n<li>This Christmas &#8211; (Esta Navidad)<\/li>\n<li>First Sunday &#8211; (Primer domingo)<\/li>\n<li>Untraceable &#8211; (Rastro oculto)<\/li>\n<li>Outpost &#8211; (Avanzada)<\/li>\n<li>Prom Night &#8211; (Una noche para morir)<\/li>\n<li>Wieners<\/li>\n<li>Lakeview Terrace &#8211; (Protegidos por su enemigo)<\/li>\n<li>Nick and Norah\\&#8217;s Infinite Playlist<\/li>\n<li>Quarantine &#8211; (Cuarentena)<\/li>\n<li>Not Easily Broken &#8211; (No se rompen f\u00e1cilmente)<\/li>\n<li>Underworld: Rise of the Lycans<\/li>\n<li>Fired Up<\/li>\n<li>Obsessed &#8211; (Obsesionado)<\/li>\n<li>The Stepfather &#8211; (El padrastro)<\/li>\n<li>Armored &#8211; (Blindado)<\/li>\n<li>Legion &#8211; (Legi\u00f3n)<\/li>\n<li><strong><a href=\"\/%22https:\/\/www.problemasdeamor.com\/wp-content\/uploads\/2016\/09\/Amanda-Seyfried-y-Thomas-Sadoski-queridojohn.com_.jpg\/%22\" target=\\\"_blank\\\">Dear John &#8211; (Querido John)<\/a><\/strong><\/li>\n<li>Death at a Funeral &#8211; (Un funeral de muerte)<\/li>\n<li>Takers &#8211; (Tomadores)<\/li>\n<li>Resident Evil: Afterlife<\/li>\n<li>Easy A<\/li>\n<li>Burlesque &#8211; (Burlesco)<\/li>\n<li>Country Strong<\/li>\n<li>The Roommate<\/li>\n<li>Priest &#8211; (Sacerdote)<\/li>\n<li>Friends with Benefits &#8211; (Amigos con Beneficios)<\/li>\n<li>Attack the Block &#8211; (Ataque del bloque)<\/li>\n<li>Straw Dogs &#8211; (Perros de paja)<\/li>\n<li>Underworld: Awakening &#8211; (Underworld: Despertar)<\/li>\n<li>The Vow &#8211; (El Voto)<\/li>\n<li>Think Like a Man &#8211; (Piensa como un hombre)<\/li>\n<\/ul>\n<p>&nbsp;<\/p>\n<p>.<\/p>\n<p><strong>FUENTE:<\/strong><\/p>\n<p><a href=\"\/%22http:\/\/en.wikipedia.org\/wiki\/Screen_Gems\/%22\" target=\\\"_blank\\\">http:\/\/en.wikipedia.org\/wiki\/Screen_Gems<\/a> (Traducido por Google Traductor <a href=\"\/%22http:\/\/translate.google.com\/%22\" target=\\\"_blank\\\">http:\/\/translate.google.com<\/a>)<\/p>\n","protected":false},"excerpt":{"rendered":"<p>Screen Gems es una productora de cine estadounidense y la compa\u00f1\u00eda subsidiaria de Sony Pictures Entertainment \\&#8217;s de Columbia TriStar Motion Picture Group que ha servido a varios prop\u00f3sitos diferentes para sus empresas matrices en los decenios transcurridos desde su constituci\u00f3n. Fundado: 1940 (como estudio de animaci\u00f3n) 1948 (como filial de televisi\u00f3n) 1999 (como estudio [&hellip;]<\/p>\n","protected":false},"author":1,"featured_media":0,"parent":1933,"menu_order":0,"comment_status":"open","ping_status":"open","template":"","meta":{"footnotes":""},"class_list":["post-1939","page","type-page","status-publish","hentry"],"_links":{"self":[{"href":"https:\/\/problemasdeamor.com\/index.php?rest_route=\/wp\/v2\/pages\/1939","targetHints":{"allow":["GET"]}}],"collection":[{"href":"https:\/\/problemasdeamor.com\/index.php?rest_route=\/wp\/v2\/pages"}],"about":[{"href":"https:\/\/problemasdeamor.com\/index.php?rest_route=\/wp\/v2\/types\/page"}],"author":[{"embeddable":true,"href":"https:\/\/problemasdeamor.com\/index.php?rest_route=\/wp\/v2\/users\/1"}],"replies":[{"embeddable":true,"href":"https:\/\/problemasdeamor.com\/index.php?rest_route=%2Fwp%2Fv2%2Fcomments&post=1939"}],"version-history":[{"count":0,"href":"https:\/\/problemasdeamor.com\/index.php?rest_route=\/wp\/v2\/pages\/1939\/revisions"}],"up":[{"embeddable":true,"href":"https:\/\/problemasdeamor.com\/index.php?rest_route=\/wp\/v2\/pages\/1933"}],"wp:attachment":[{"href":"https:\/\/problemasdeamor.com\/index.php?rest_route=%2Fwp%2Fv2%2Fmedia&parent=1939"}],"curies":[{"name":"wp","href":"https:\/\/api.w.org\/{rel}","templated":true}]}}