{"id":29,"date":"2012-07-26T20:32:30","date_gmt":"2012-07-26T20:32:30","guid":{"rendered":"http:\/\/wpsocialpress.com\/?page_id=29"},"modified":"2026-03-16T00:21:45","modified_gmt":"2026-03-16T00:21:45","slug":"nosotros","status":"publish","type":"page","link":"https:\/\/problemasdeamor.com\/?page_id=29","title":{"rendered":"Nosotros"},"content":{"rendered":"\n<p><em><strong><a href=\"http:\/\/www.problemasdeamor.com\" target=\"_blank\">ProblemasDeAmor.com<\/a><\/strong><\/em>, es un Blog que trata sobre diversos temas relacionados con el AMOR y las RELACIONES PERSONALES.<\/p>\n\n\n\n<p>Soluciones para Problemas de AMOR, Amistad y Relaciones Personales (novios, parejas, matrimonios, divorcios, hijos)<\/p>\n\n\n\n<p>La web parte de un trabajo de investigaci\u00f3n con respecto a la hist\u00f3rica frase \u201cDear John\u201d o en espa\u00f1ol \u201cQuerido John\u201d muy utilizada para ense\u00f1ar a escribir una carta, la cual tambi\u00e9n est\u00e1 relacionada con un Libro o Novela y posteriormente con una pel\u00edcula<\/p>\n","protected":false},"excerpt":{"rendered":"<p>ProblemasDeAmor.com, es un Blog que trata sobre diversos temas relacionados con el AMOR y las RELACIONES PERSONALES. Soluciones para Problemas de AMOR, Amistad y Relaciones Personales (novios, parejas, matrimonios, divorcios, hijos) La web parte de un trabajo de investigaci\u00f3n con respecto a la hist\u00f3rica frase \u201cDear John\u201d o en espa\u00f1ol \u201cQuerido John\u201d muy utilizada para [&hellip;]<\/p>\n","protected":false},"author":1,"featured_media":0,"parent":0,"menu_order":1,"comment_status":"open","ping_status":"open","template":"","meta":{"footnotes":""},"class_list":["post-29","page","type-page","status-publish","hentry"],"_links":{"self":[{"href":"https:\/\/problemasdeamor.com\/index.php?rest_route=\/wp\/v2\/pages\/29","targetHints":{"allow":["GET"]}}],"collection":[{"href":"https:\/\/problemasdeamor.com\/index.php?rest_route=\/wp\/v2\/pages"}],"about":[{"href":"https:\/\/problemasdeamor.com\/index.php?rest_route=\/wp\/v2\/types\/page"}],"author":[{"embeddable":true,"href":"https:\/\/problemasdeamor.com\/index.php?rest_route=\/wp\/v2\/users\/1"}],"replies":[{"embeddable":true,"href":"https:\/\/problemasdeamor.com\/index.php?rest_route=%2Fwp%2Fv2%2Fcomments&post=29"}],"version-history":[{"count":1,"href":"https:\/\/problemasdeamor.com\/index.php?rest_route=\/wp\/v2\/pages\/29\/revisions"}],"predecessor-version":[{"id":1960,"href":"https:\/\/problemasdeamor.com\/index.php?rest_route=\/wp\/v2\/pages\/29\/revisions\/1960"}],"wp:attachment":[{"href":"https:\/\/problemasdeamor.com\/index.php?rest_route=%2Fwp%2Fv2%2Fmedia&parent=29"}],"curies":[{"name":"wp","href":"https:\/\/api.w.org\/{rel}","templated":true}]}}