{"id":386,"date":"2012-09-02T14:33:49","date_gmt":"2012-09-02T18:33:49","guid":{"rendered":"http:\/\/wpsocialpress.com\/?page_id=307"},"modified":"2012-09-02T14:33:49","modified_gmt":"2012-09-02T18:33:49","slug":"curso-gratis","status":"publish","type":"page","link":"https:\/\/problemasdeamor.com\/?page_id=386","title":{"rendered":"Curso Gratis!"},"content":{"rendered":"\n<p><strong>Recibir\u00e1s el Curso por email de \u00bfC\u00f3mo Identificar Problemas en el Amor?<\/strong><\/p>\n\n\n\n<p><strong>..<\/strong>.Se tratar\u00e1n e identificar\u00e1n las causas y las situaciones que pueden llevar a tener algunos problemas en las que la base sea el Amor en sus m\u00faltiples manifestaciones.<\/p>\n\n\n\n<h2 class=\"wp-block-heading\"><span style=\"color: #ff0000;\"><strong><em><span style=\"text-decoration: underline;\">PRODUCTOS RECOMENDADOS:<\/span><\/em><\/strong><\/span><\/h2>\n\n\n\n<p>(pr\u00f3ximamente&#8230;)<\/p>\n\n\n\n<p>.<\/p>\n","protected":false},"excerpt":{"rendered":"<p>Recibir\u00e1s el Curso por email de \u00bfC\u00f3mo Identificar Problemas en el Amor? &#8230;Se tratar\u00e1n e identificar\u00e1n las causas y las situaciones que pueden llevar a tener algunos problemas en las que la base sea el Amor en sus m\u00faltiples manifestaciones. PRODUCTOS RECOMENDADOS: (pr\u00f3ximamente&#8230;) .<\/p>\n","protected":false},"author":1,"featured_media":0,"parent":0,"menu_order":10,"comment_status":"open","ping_status":"open","template":"","meta":{"footnotes":""},"class_list":["post-386","page","type-page","status-publish","hentry"],"_links":{"self":[{"href":"https:\/\/problemasdeamor.com\/index.php?rest_route=\/wp\/v2\/pages\/386","targetHints":{"allow":["GET"]}}],"collection":[{"href":"https:\/\/problemasdeamor.com\/index.php?rest_route=\/wp\/v2\/pages"}],"about":[{"href":"https:\/\/problemasdeamor.com\/index.php?rest_route=\/wp\/v2\/types\/page"}],"author":[{"embeddable":true,"href":"https:\/\/problemasdeamor.com\/index.php?rest_route=\/wp\/v2\/users\/1"}],"replies":[{"embeddable":true,"href":"https:\/\/problemasdeamor.com\/index.php?rest_route=%2Fwp%2Fv2%2Fcomments&post=386"}],"version-history":[{"count":0,"href":"https:\/\/problemasdeamor.com\/index.php?rest_route=\/wp\/v2\/pages\/386\/revisions"}],"wp:attachment":[{"href":"https:\/\/problemasdeamor.com\/index.php?rest_route=%2Fwp%2Fv2%2Fmedia&parent=386"}],"curies":[{"name":"wp","href":"https:\/\/api.w.org\/{rel}","templated":true}]}}