{"id":9,"date":"2012-08-21T04:01:10","date_gmt":"2012-08-21T04:01:10","guid":{"rendered":"https:\/\/www.problemasdeamor.com\/la-novela-libro\/"},"modified":"2012-08-21T04:01:10","modified_gmt":"2012-08-21T04:01:10","slug":"la-novela-libro","status":"publish","type":"page","link":"https:\/\/problemasdeamor.com\/?page_id=9","title":{"rendered":"La Novela (El Libro)"},"content":{"rendered":"<p><strong>Dear John<\/strong> es una novela del escritor estadounidense <em><strong>Nicholas Sparks<\/strong><\/em>, publicado en 2006.<\/p>\n<p><span style=\\\"text-decoration: underline;\\\"><strong>Exposici\u00f3n<\/strong><\/span><\/p>\n<p>La historia gira en torno a la relaci\u00f3n entre un hijo rebelde y su padre y dos personas de manera muy diferente plantea que luchan por su amor contra la distancia geogr\u00e1fica entre ellos. La historia comienza explicando la infancia de <em>John Tyree<\/em> en Wilmington, Carolina del Norte.<\/p>\n<p>Fue criado por un padre soltero con s\u00edndrome de Asperger y una obsesi\u00f3n extrema con monedas. A veces, este es el \u00fanico tema de John se puede hablar con su padre. Hizo un esfuerzo por ganar el afecto de su padre e hizo cosas imprudentes para hacerlo.<\/p>\n<p>Su vida no ten\u00eda sentido hasta que se uni\u00f3 a las Fuerzas Armadas de Estados Unidos . John lucha cuando descubre que cuando llega a casa de permiso, pero \u00e9l se enamora de una chica llamada Savannah.<\/p>\n<p>Despu\u00e9s de los atentados del 11- , que en \u00faltima instancia, debe decidir entre volver a alistarse en el ej\u00e9rcito, o volver a casa para estar con ella, pero ella termina siendo en el amor y se cas\u00f3 con alguien m\u00e1s.<\/p>\n<p>&nbsp;<\/p>\n<p><span style=\\\"text-decoration: underline;\\\"><strong>Adaptaci\u00f3n de la pel\u00edcula<\/strong><\/span><\/p>\n<p>Dear John fue adaptada en una pel\u00edcula en 2010 protagonizada por <em><strong>Channing Tatum<\/strong><\/em> como John Tyree y <strong><em>Amanda Seyfried<\/em><\/strong> como Savannah Curtis.<\/p>\n<p>La pel\u00edcula fue dirigida por <strong><em>Lasse Hallstr\u00f6m<\/em><\/strong> y el gui\u00f3n fue escrito por <strong><em>Jamie Linden<\/em><\/strong> .<\/p>\n<p>&#8212;&#8212;-<\/p>\n<h2>Product Details<\/h2>\n<ul>\n<li><strong>Mass Market Paperback:<\/strong> 352 pages<\/li>\n<li><strong>Publisher:<\/strong> Grand Central Publishing; Mti edition (December 1, 2009)<\/li>\n<li><strong>Language:<\/strong> English<\/li>\n<li><strong>ISBN-10:<\/strong> 0446567337<\/li>\n<li><strong>ISBN-13:<\/strong> 978-0446567336<\/li>\n<li><strong> Product Dimensions: <\/strong> 4.2 x 1 x 6.8 inches<\/li>\n<\/ul>\n<p><iframe loading=\"lazy\" title=\"Dear John\" type=\"text\/html\" width=\"800\" height=\"550\" frameborder=\"0\" allowfullscreen style=\"max-width:100%\" src=\"https:\/\/read.amazon.com\/kp\/card?preview=inline&#038;linkCode=kpd&#038;ref_=k4w_oembed_SwHdjHq4WLeDwb&#038;asin=0446567337&#038;tag=kpembed-20\"><\/iframe><\/p>\n<p>.<\/p>\n<p><span style=\\\"text-decoration: underline;\\\"><strong>FUENTE:<\/strong><\/span><\/p>\n<p><a href=\"\/%22http:\/\/en.wikipedia.org\/wiki\/Dear_John_%28novel%29\/%22\" target=\\\"_blank\\\">http:\/\/en.wikipedia.org\/wiki\/Dear_John_%28novel%29<\/a><\/p>\n","protected":false},"excerpt":{"rendered":"<p>Dear John es una novela del escritor estadounidense Nicholas Sparks, publicado en 2006. Exposici\u00f3n La historia gira en torno a la relaci\u00f3n entre un hijo rebelde y su padre y dos personas de manera muy diferente plantea que luchan por su amor contra la distancia geogr\u00e1fica entre ellos. La historia comienza explicando la infancia de [&hellip;]<\/p>\n","protected":false},"author":1,"featured_media":0,"parent":0,"menu_order":0,"comment_status":"open","ping_status":"open","template":"","meta":{"footnotes":""},"class_list":["post-9","page","type-page","status-publish","hentry"],"_links":{"self":[{"href":"https:\/\/problemasdeamor.com\/index.php?rest_route=\/wp\/v2\/pages\/9","targetHints":{"allow":["GET"]}}],"collection":[{"href":"https:\/\/problemasdeamor.com\/index.php?rest_route=\/wp\/v2\/pages"}],"about":[{"href":"https:\/\/problemasdeamor.com\/index.php?rest_route=\/wp\/v2\/types\/page"}],"author":[{"embeddable":true,"href":"https:\/\/problemasdeamor.com\/index.php?rest_route=\/wp\/v2\/users\/1"}],"replies":[{"embeddable":true,"href":"https:\/\/problemasdeamor.com\/index.php?rest_route=%2Fwp%2Fv2%2Fcomments&post=9"}],"version-history":[{"count":0,"href":"https:\/\/problemasdeamor.com\/index.php?rest_route=\/wp\/v2\/pages\/9\/revisions"}],"wp:attachment":[{"href":"https:\/\/problemasdeamor.com\/index.php?rest_route=%2Fwp%2Fv2%2Fmedia&parent=9"}],"curies":[{"name":"wp","href":"https:\/\/api.w.org\/{rel}","templated":true}]}}